{"id":226,"date":"2024-02-27T12:56:51","date_gmt":"2024-02-27T11:56:51","guid":{"rendered":"https:\/\/rcb-2.fr\/?page_id=226"},"modified":"2025-02-27T11:52:07","modified_gmt":"2025-02-27T10:52:07","slug":"universite-st-charles-marseille-2-2","status":"publish","type":"page","link":"https:\/\/rcb-2.fr\/index.php\/universite-st-charles-marseille-2-2\/","title":{"rendered":"R\u00e9f\u00e9rences"},"content":{"rendered":"\t\t<div data-elementor-type=\"wp-page\" data-elementor-id=\"226\" class=\"elementor elementor-226\">\n\t\t\t\t<div class=\"elementor-element elementor-element-3993af2 e-grid e-con-boxed e-con e-parent\" data-id=\"3993af2\" data-element_type=\"container\">\n\t\t\t\t\t<div class=\"e-con-inner\">\n\t\t<div class=\"elementor-element elementor-element-69c0ede e-con-full e-flex e-con e-child\" data-id=\"69c0ede\" data-element_type=\"container\">\n\t\t\t\t<div class=\"elementor-element elementor-element-363de0a elementor-widget__width-initial elementor-widget elementor-widget-heading\" data-id=\"363de0a\" data-element_type=\"widget\" data-widget_type=\"heading.default\">\n\t\t\t\t<div class=\"elementor-widget-container\">\n\t\t\t\t\t<h2 class=\"elementor-heading-title elementor-size-default\">Les derni\u00e8res r\u00e9alisations de RCB2<\/h2>\t\t\t\t<\/div>\n\t\t\t\t<\/div>\n\t\t\t\t<\/div>\n\t\t\t\t\t<\/div>\n\t\t\t\t<\/div>\n\t\t<div class=\"elementor-element elementor-element-27aa0d1 e-flex e-con-boxed e-con e-parent\" data-id=\"27aa0d1\" data-element_type=\"container\">\n\t\t\t\t\t<div class=\"e-con-inner\">\n\t\t\t\t<div class=\"elementor-element elementor-element-9a11c9d elementor-widget elementor-widget-uicore-post-grid\" data-id=\"9a11c9d\" data-element_type=\"widget\" data-widget_type=\"uicore-post-grid.default\">\n\t\t\t\t<div class=\"elementor-widget-container\">\n\t\t\t\t\t<div class=\"uicore-grid-container uicore-blog-grid uicore-grid-row uicore-grid uicore-square-ratio uicore-large-space animate-3 ui-st-simple uicore-blog-widget\">\n            <div class=\"uicore-grid-item uicore-col-md-6 uicore-col-lg-4  uicore-zoom uicore-animate post-930 post type-post status-publish format-standard has-post-thumbnail hentry category-non-classe\" >\n                <article class=\"uicore-post\">\n                    <div class=\"uicore-post-wrapper\">\n\n                        <a href=\"https:\/\/rcb-2.fr\/index.php\/2024\/12\/09\/universite-st-charles-marseille\/\" title=\" View Post: Universit\u00e9 St Charles (Marseille)\" >  <div class=\"uicore-blog-img-container uicore-zoom-wrapper\">\n                                            <div class=\"uicore-cover-img\" style=\"background-image: url(https:\/\/rcb-2.fr\/wp-content\/uploads\/2024\/12\/1.jpg)\"><\/div>\n                                        <\/div><\/a>\n                        <div class=\"uicore-post-info\">\n                            <div class=\"uicore-post-info-wrapper\">\n                                <a href=\"https:\/\/rcb-2.fr\/index.php\/2024\/12\/09\/universite-st-charles-marseille\/\" title=\"View Post: Universit\u00e9 St Charles (Marseille) \">                              <h4 class=\"uicore-post-title\"><span>Universit\u00e9 St Charles (Marseille)<\/span><\/h4>\n                              <\/a>                            <\/div>\n                        <\/div>\n\n                    <\/div>\n                <\/article>\n            <\/div>\n        \n            <div class=\"uicore-grid-item uicore-col-md-6 uicore-col-lg-4  uicore-zoom uicore-animate post-729 post type-post status-publish format-standard has-post-thumbnail hentry category-non-classe\" >\n                <article class=\"uicore-post\">\n                    <div class=\"uicore-post-wrapper\">\n\n                        <a href=\"https:\/\/rcb-2.fr\/index.php\/2024\/03\/20\/universite-luminy-2\/\" title=\" View Post: BATIMENT AIRBUS V05\" >  <div class=\"uicore-blog-img-container uicore-zoom-wrapper\">\n                                            <div class=\"uicore-cover-img\" style=\"background-image: url(https:\/\/rcb-2.fr\/wp-content\/uploads\/2024\/03\/IMG_4682-488x650.jpg)\"><\/div>\n                                        <\/div><\/a>\n                        <div class=\"uicore-post-info\">\n                            <div class=\"uicore-post-info-wrapper\">\n                                <a href=\"https:\/\/rcb-2.fr\/index.php\/2024\/03\/20\/universite-luminy-2\/\" title=\"View Post: BATIMENT AIRBUS V05 \">                              <h4 class=\"uicore-post-title\"><span>BATIMENT AIRBUS V05<\/span><\/h4>\n                              <\/a>                            <\/div>\n                        <\/div>\n\n                    <\/div>\n                <\/article>\n            <\/div>\n        \n            <div class=\"uicore-grid-item uicore-col-md-6 uicore-col-lg-4  uicore-zoom uicore-animate post-738 post type-post status-publish format-standard has-post-thumbnail hentry category-non-classe\" >\n                <article class=\"uicore-post\">\n                    <div class=\"uicore-post-wrapper\">\n\n                        <a href=\"https:\/\/rcb-2.fr\/index.php\/2024\/03\/11\/references-2\/\" title=\" View Post: SEMAPHORE &#8211; \u00cele de Porquerolles\" >  <div class=\"uicore-blog-img-container uicore-zoom-wrapper\">\n                                            <div class=\"uicore-cover-img\" style=\"background-image: url(https:\/\/rcb-2.fr\/wp-content\/uploads\/2024\/03\/semaphore-1-459x650.png)\"><\/div>\n                                        <\/div><\/a>\n                        <div class=\"uicore-post-info\">\n                            <div class=\"uicore-post-info-wrapper\">\n                                <a href=\"https:\/\/rcb-2.fr\/index.php\/2024\/03\/11\/references-2\/\" title=\"View Post: SEMAPHORE &#8211; \u00cele de Porquerolles \">                              <h4 class=\"uicore-post-title\"><span>SEMAPHORE &#8211; \u00cele de Porquerolles<\/span><\/h4>\n                              <\/a>                            <\/div>\n                        <\/div>\n\n                    <\/div>\n                <\/article>\n            <\/div>\n        \n            <div class=\"uicore-grid-item uicore-col-md-6 uicore-col-lg-4  uicore-zoom uicore-animate post-684 post type-post status-publish format-standard has-post-thumbnail hentry category-non-classe\" >\n                <article class=\"uicore-post\">\n                    <div class=\"uicore-post-wrapper\">\n\n                        <a href=\"https:\/\/rcb-2.fr\/index.php\/2022\/03\/13\/airbus-e3-2023-2\/\" title=\" View Post: H\u00f4tel Carlton &#8211; Cannes\" >  <div class=\"uicore-blog-img-container uicore-zoom-wrapper\">\n                                            <div class=\"uicore-cover-img\" style=\"background-image: url(https:\/\/rcb-2.fr\/wp-content\/uploads\/2022\/03\/IMG_9349-488x650.jpg)\"><\/div>\n                                        <\/div><\/a>\n                        <div class=\"uicore-post-info\">\n                            <div class=\"uicore-post-info-wrapper\">\n                                <a href=\"https:\/\/rcb-2.fr\/index.php\/2022\/03\/13\/airbus-e3-2023-2\/\" title=\"View Post: H\u00f4tel Carlton &#8211; Cannes \">                              <h4 class=\"uicore-post-title\"><span>H\u00f4tel Carlton &#8211; Cannes<\/span><\/h4>\n                              <\/a>                            <\/div>\n                        <\/div>\n\n                    <\/div>\n                <\/article>\n            <\/div>\n        \n            <div class=\"uicore-grid-item uicore-col-md-6 uicore-col-lg-4  uicore-zoom uicore-animate post-585 post type-post status-publish format-standard has-post-thumbnail hentry category-non-classe\" >\n                <article class=\"uicore-post\">\n                    <div class=\"uicore-post-wrapper\">\n\n                        <a href=\"https:\/\/rcb-2.fr\/index.php\/2022\/03\/05\/creche-berre-letang-2022\/\" title=\" View Post: Cr\u00e8che Berre l&rsquo;\u00e9tang &#8211; 2022\" >  <div class=\"uicore-blog-img-container uicore-zoom-wrapper\">\n                                            <div class=\"uicore-cover-img\" style=\"background-image: url(https:\/\/rcb-2.fr\/wp-content\/uploads\/2024\/02\/1creche-berre-charpente-650x488.jpg)\"><\/div>\n                                        <\/div><\/a>\n                        <div class=\"uicore-post-info\">\n                            <div class=\"uicore-post-info-wrapper\">\n                                <a href=\"https:\/\/rcb-2.fr\/index.php\/2022\/03\/05\/creche-berre-letang-2022\/\" title=\"View Post: Cr\u00e8che Berre l&rsquo;\u00e9tang &#8211; 2022 \">                              <h4 class=\"uicore-post-title\"><span>Cr\u00e8che Berre l&rsquo;\u00e9tang &#8211; 2022<\/span><\/h4>\n                              <\/a>                            <\/div>\n                        <\/div>\n\n                    <\/div>\n                <\/article>\n            <\/div>\n        \n            <div class=\"uicore-grid-item uicore-col-md-6 uicore-col-lg-4  uicore-zoom uicore-animate post-572 post type-post status-publish format-standard has-post-thumbnail hentry category-non-classe\" >\n                <article class=\"uicore-post\">\n                    <div class=\"uicore-post-wrapper\">\n\n                        <a href=\"https:\/\/rcb-2.fr\/index.php\/2022\/03\/05\/airbus-e3-2023\/\" title=\" View Post: Airbus E3 &#8211; 2022\" >  <div class=\"uicore-blog-img-container uicore-zoom-wrapper\">\n                                            <div class=\"uicore-cover-img\" style=\"background-image: url(https:\/\/rcb-2.fr\/wp-content\/uploads\/2024\/02\/IMG-0743-650x488.jpg)\"><\/div>\n                                        <\/div><\/a>\n                        <div class=\"uicore-post-info\">\n                            <div class=\"uicore-post-info-wrapper\">\n                                <a href=\"https:\/\/rcb-2.fr\/index.php\/2022\/03\/05\/airbus-e3-2023\/\" title=\"View Post: Airbus E3 &#8211; 2022 \">                              <h4 class=\"uicore-post-title\"><span>Airbus E3 &#8211; 2022<\/span><\/h4>\n                              <\/a>                            <\/div>\n                        <\/div>\n\n                    <\/div>\n                <\/article>\n            <\/div>\n        \n            <div class=\"uicore-grid-item uicore-col-md-6 uicore-col-lg-4  uicore-zoom uicore-animate post-549 post type-post status-publish format-standard has-post-thumbnail hentry category-non-classe\" >\n                <article class=\"uicore-post\">\n                    <div class=\"uicore-post-wrapper\">\n\n                        <a href=\"https:\/\/rcb-2.fr\/index.php\/2022\/03\/05\/elementor-549\/\" title=\" View Post: Passerelle Cannes la Bocca &#8211; 2022\" >  <div class=\"uicore-blog-img-container uicore-zoom-wrapper\">\n                                            <div class=\"uicore-cover-img\" style=\"background-image: url(https:\/\/rcb-2.fr\/wp-content\/uploads\/2024\/02\/7f37d175-59e0-4ae1-b500-5d56afcb78e0-650x488.jpg)\"><\/div>\n                                        <\/div><\/a>\n                        <div class=\"uicore-post-info\">\n                            <div class=\"uicore-post-info-wrapper\">\n                                <a href=\"https:\/\/rcb-2.fr\/index.php\/2022\/03\/05\/elementor-549\/\" title=\"View Post: Passerelle Cannes la Bocca &#8211; 2022 \">                              <h4 class=\"uicore-post-title\"><span>Passerelle Cannes la Bocca &#8211; 2022<\/span><\/h4>\n                              <\/a>                            <\/div>\n                        <\/div>\n\n                    <\/div>\n                <\/article>\n            <\/div>\n        \n            <div class=\"uicore-grid-item uicore-col-md-6 uicore-col-lg-4  uicore-zoom uicore-animate post-613 post type-post status-publish format-standard has-post-thumbnail hentry category-non-classe\" >\n                <article class=\"uicore-post\">\n                    <div class=\"uicore-post-wrapper\">\n\n                        <a href=\"https:\/\/rcb-2.fr\/index.php\/2022\/01\/05\/universite-luminy\/\" title=\" View Post: Universit\u00e9 Luminy\" >  <div class=\"uicore-blog-img-container uicore-zoom-wrapper\">\n                                            <div class=\"uicore-cover-img\" style=\"background-image: url(https:\/\/rcb-2.fr\/wp-content\/uploads\/2024\/03\/IMG_1147-488x650.jpg)\"><\/div>\n                                        <\/div><\/a>\n                        <div class=\"uicore-post-info\">\n                            <div class=\"uicore-post-info-wrapper\">\n                                <a href=\"https:\/\/rcb-2.fr\/index.php\/2022\/01\/05\/universite-luminy\/\" title=\"View Post: Universit\u00e9 Luminy \">                              <h4 class=\"uicore-post-title\"><span>Universit\u00e9 Luminy<\/span><\/h4>\n                              <\/a>                            <\/div>\n                        <\/div>\n\n                    <\/div>\n                <\/article>\n            <\/div>\n        \n            <div class=\"uicore-grid-item uicore-col-md-6 uicore-col-lg-4  uicore-zoom uicore-animate post-601 post type-post status-publish format-standard has-post-thumbnail hentry category-non-classe\" >\n                <article class=\"uicore-post\">\n                    <div class=\"uicore-post-wrapper\">\n\n                        <a href=\"https:\/\/rcb-2.fr\/index.php\/2021\/03\/05\/gymnase-digne-les-bains-2021\/\" title=\" View Post: Gymnase  Digne les bains\" >  <div class=\"uicore-blog-img-container uicore-zoom-wrapper\">\n                                            <div class=\"uicore-cover-img\" style=\"background-image: url(https:\/\/rcb-2.fr\/wp-content\/uploads\/2024\/03\/IMG-0716-488x650.jpg)\"><\/div>\n                                        <\/div><\/a>\n                        <div class=\"uicore-post-info\">\n                            <div class=\"uicore-post-info-wrapper\">\n                                <a href=\"https:\/\/rcb-2.fr\/index.php\/2021\/03\/05\/gymnase-digne-les-bains-2021\/\" title=\"View Post: Gymnase  Digne les bains \">                              <h4 class=\"uicore-post-title\"><span>Gymnase  Digne les bains<\/span><\/h4>\n                              <\/a>                            <\/div>\n                        <\/div>\n\n                    <\/div>\n                <\/article>\n            <\/div>\n        <\/div>\t\t\t\t<\/div>\n\t\t\t\t<\/div>\n\t\t<div class=\"elementor-element elementor-element-a73828b e-con-full e-flex e-con e-child\" data-id=\"a73828b\" data-element_type=\"container\">\n\t\t\t\t<\/div>\n\t\t\t\t\t<\/div>\n\t\t\t\t<\/div>\n\t\t<div class=\"elementor-element elementor-element-5609268 e-grid e-con-boxed e-con e-parent\" data-id=\"5609268\" data-element_type=\"container\" data-settings=\"{&quot;background_background&quot;:&quot;classic&quot;}\">\n\t\t\t\t\t<div class=\"e-con-inner\">\n\t\t<div class=\"elementor-element elementor-element-c0002a5 e-con-full e-flex e-con e-child\" data-id=\"c0002a5\" data-element_type=\"container\">\n\t\t\t\t<div class=\"elementor-element elementor-element-2b6616e elementor-widget-mobile__width-inherit elementor-widget elementor-widget-text-editor\" data-id=\"2b6616e\" data-element_type=\"widget\" data-widget_type=\"text-editor.default\">\n\t\t\t\t<div class=\"elementor-widget-container\">\n\t\t\t\t\t\t\t\t\t<h2>\u00a0 \u00a0<span style=\"background-color: var( --e-global-color-uicore_light ); color: var(--uicore-typography--h2-c,'#070707'); font-family: var(--uicore-typography--h2-f,'Inter'); font-size: var(--uicore-typography--h2-s,'10px'); font-style: var(--uicore-typography--h2-st,'normal'); font-weight: var(--uicore-typography--h2-w,'600'); letter-spacing: var(--uicore-typography--h2-ls,'-0.027em'); text-transform: var(--uicore-typography--h2-t,'none');\">Ils nous font confiance !<\/span><\/h2>\t\t\t\t\t\t\t\t<\/div>\n\t\t\t\t<\/div>\n\t\t\t\t<\/div>\n\t\t\t\t<div class=\"elementor-element elementor-element-efc1495 elementor-pagination-position-outside elementor-widget elementor-widget-image-carousel\" data-id=\"efc1495\" data-element_type=\"widget\" data-settings=\"{&quot;slides_to_show&quot;:&quot;5&quot;,&quot;autoplay_speed&quot;:2500,&quot;image_spacing_custom&quot;:{&quot;unit&quot;:&quot;px&quot;,&quot;size&quot;:52,&quot;sizes&quot;:[]},&quot;navigation&quot;:&quot;dots&quot;,&quot;autoplay&quot;:&quot;yes&quot;,&quot;pause_on_hover&quot;:&quot;yes&quot;,&quot;pause_on_interaction&quot;:&quot;yes&quot;,&quot;infinite&quot;:&quot;yes&quot;,&quot;speed&quot;:500,&quot;image_spacing_custom_tablet&quot;:{&quot;unit&quot;:&quot;px&quot;,&quot;size&quot;:&quot;&quot;,&quot;sizes&quot;:[]},&quot;image_spacing_custom_mobile&quot;:{&quot;unit&quot;:&quot;px&quot;,&quot;size&quot;:&quot;&quot;,&quot;sizes&quot;:[]}}\" data-widget_type=\"image-carousel.default\">\n\t\t\t\t<div class=\"elementor-widget-container\">\n\t\t\t\t\t\t\t<div class=\"elementor-image-carousel-wrapper swiper\" role=\"region\" aria-roledescription=\"carousel\" aria-label=\"Carrousel d\u2019images\" dir=\"ltr\">\n\t\t\t<div class=\"elementor-image-carousel swiper-wrapper swiper-image-stretch\" aria-live=\"off\">\n\t\t\t\t\t\t\t\t<div class=\"swiper-slide\" role=\"group\" aria-roledescription=\"slide\" aria-label=\"1 sur 10\"><figure class=\"swiper-slide-inner\"><img decoding=\"async\" class=\"swiper-slide-image\" src=\"https:\/\/rcb-2.fr\/wp-content\/uploads\/2024\/02\/Airbus_Logo_2017.svg-300x56.png\" alt=\"rcb2-client-airbus\" \/><\/figure><\/div><div class=\"swiper-slide\" role=\"group\" aria-roledescription=\"slide\" aria-label=\"2 sur 10\"><figure class=\"swiper-slide-inner\"><img decoding=\"async\" class=\"swiper-slide-image\" src=\"https:\/\/rcb-2.fr\/wp-content\/uploads\/2024\/02\/1200px-Logo_ArcelorMittal.svg-300x124.png\" alt=\"rcb2-client-arcelor\" \/><\/figure><\/div><div class=\"swiper-slide\" role=\"group\" aria-roledescription=\"slide\" aria-label=\"3 sur 10\"><figure class=\"swiper-slide-inner\"><img decoding=\"async\" class=\"swiper-slide-image\" src=\"https:\/\/rcb-2.fr\/wp-content\/uploads\/2024\/02\/2560px-Logo-Aeroport-Marseille-Provence.svg-300x79.png\" alt=\"rcb2-client-marseille-aeroport\" \/><\/figure><\/div><div class=\"swiper-slide\" role=\"group\" aria-roledescription=\"slide\" aria-label=\"4 sur 10\"><figure class=\"swiper-slide-inner\"><img decoding=\"async\" class=\"swiper-slide-image\" src=\"https:\/\/rcb-2.fr\/wp-content\/uploads\/2024\/02\/logo.svg\" alt=\"rcb2-client-vinci\" \/><\/figure><\/div><div class=\"swiper-slide\" role=\"group\" aria-roledescription=\"slide\" aria-label=\"5 sur 10\"><figure class=\"swiper-slide-inner\"><img decoding=\"async\" class=\"swiper-slide-image\" src=\"https:\/\/rcb-2.fr\/wp-content\/uploads\/2024\/02\/logo-blue-300x109.png\" alt=\"rcb2-client-cannes\" \/><\/figure><\/div><div class=\"swiper-slide\" role=\"group\" aria-roledescription=\"slide\" aria-label=\"6 sur 10\"><figure class=\"swiper-slide-inner\"><img decoding=\"async\" class=\"swiper-slide-image\" src=\"https:\/\/rcb-2.fr\/wp-content\/uploads\/2024\/02\/Logo-engie.svg-300x108.png\" alt=\"rcb2-client-engie\" \/><\/figure><\/div><div class=\"swiper-slide\" role=\"group\" aria-roledescription=\"slide\" aria-label=\"7 sur 10\"><figure class=\"swiper-slide-inner\"><img decoding=\"async\" class=\"swiper-slide-image\" src=\"https:\/\/rcb-2.fr\/wp-content\/uploads\/2024\/03\/DEMATIHEU-300x124.png\" alt=\"rcb2-client\" \/><\/figure><\/div><div class=\"swiper-slide\" role=\"group\" aria-roledescription=\"slide\" aria-label=\"8 sur 10\"><figure class=\"swiper-slide-inner\"><img decoding=\"async\" class=\"swiper-slide-image\" src=\"https:\/\/rcb-2.fr\/wp-content\/uploads\/2024\/12\/occitane-logo.png\" alt=\"occitane logo\" \/><\/figure><\/div><div class=\"swiper-slide\" role=\"group\" aria-roledescription=\"slide\" aria-label=\"9 sur 10\"><figure class=\"swiper-slide-inner\"><img decoding=\"async\" class=\"swiper-slide-image\" src=\"https:\/\/rcb-2.fr\/wp-content\/uploads\/2024\/12\/alteo-client-logo.png\" alt=\"alteo client logo\" \/><\/figure><\/div><div class=\"swiper-slide\" role=\"group\" aria-roledescription=\"slide\" aria-label=\"10 sur 10\"><figure class=\"swiper-slide-inner\"><img decoding=\"async\" class=\"swiper-slide-image\" src=\"https:\/\/rcb-2.fr\/wp-content\/uploads\/2024\/12\/spi-pharma-client-logo-300x87.png\" alt=\"spi pharma client logo\" \/><\/figure><\/div>\t\t\t<\/div>\n\t\t\t\t\t\t\t\n\t\t\t\t\t\t\t\t\t<div class=\"swiper-pagination\"><\/div>\n\t\t\t\t\t\t\t\t\t<\/div>\n\t\t\t\t\t\t<\/div>\n\t\t\t\t<\/div>\n\t\t\t\t\t<\/div>\n\t\t\t\t<\/div>\n\t\t<div class=\"elementor-element elementor-element-893b833 e-flex e-con-boxed e-con e-parent\" data-id=\"893b833\" data-element_type=\"container\">\n\t\t\t\t\t<div class=\"e-con-inner\">\n\t\t\t\t<div class=\"elementor-element elementor-element-2ea253d elementor-widget elementor-widget-heading\" data-id=\"2ea253d\" data-element_type=\"widget\" data-widget_type=\"heading.default\">\n\t\t\t\t<div class=\"elementor-widget-container\">\n\t\t\t\t\t<h2 class=\"elementor-heading-title elementor-size-default\">Suivez nous par ici ...<\/h2>\t\t\t\t<\/div>\n\t\t\t\t<\/div>\n\t\t\t\t\t<\/div>\n\t\t\t\t<\/div>\n\t\t<div class=\"elementor-element elementor-element-f44f1c7 e-grid e-con-boxed e-con e-parent\" data-id=\"f44f1c7\" data-element_type=\"container\">\n\t\t\t\t\t<div class=\"e-con-inner\">\n\t\t\t\t<div class=\"elementor-element elementor-element-77f62d5 elementor-widget elementor-widget-image\" data-id=\"77f62d5\" data-element_type=\"widget\" data-widget_type=\"image.default\">\n\t\t\t\t<div class=\"elementor-widget-container\">\n\t\t\t\t\t\t\t\t\t\t\t\t\t\t\t\t<a href=\"https:\/\/www.instagram.com\/rcb2_charpente_metallique?igsh=bnl2ODNzMmp3bXMw&#038;utm_source=qr\" target=\"_blank\" rel=\"noopener\">\n\t\t\t\t\t\t\t<img decoding=\"async\" src=\"https:\/\/rcb-2.fr\/wp-content\/uploads\/2025\/02\/Instagram_icon.png\" title=\"Instagram_icon\" alt=\"Instagram_icon\" loading=\"lazy\" \/>\t\t\t\t\t\t\t\t<\/a>\n\t\t\t\t\t\t\t\t\t\t\t\t\t\t\t<\/div>\n\t\t\t\t<\/div>\n\t\t\t\t<div class=\"elementor-element elementor-element-169437c elementor-widget elementor-widget-image\" data-id=\"169437c\" data-element_type=\"widget\" data-widget_type=\"image.default\">\n\t\t\t\t<div class=\"elementor-widget-container\">\n\t\t\t\t\t\t\t\t\t\t\t\t\t\t\t\t<a href=\"https:\/\/www.linkedin.com\/company\/rcb-2\/?viewAsMember=true\" target=\"_blank\" rel=\"noopener\">\n\t\t\t\t\t\t\t<img decoding=\"async\" src=\"https:\/\/rcb-2.fr\/wp-content\/uploads\/2025\/02\/in_icon.png\" title=\"in_icon\" alt=\"in_icon\" loading=\"lazy\" \/>\t\t\t\t\t\t\t\t<\/a>\n\t\t\t\t\t\t\t\t\t\t\t\t\t\t\t<\/div>\n\t\t\t\t<\/div>\n\t\t\t\t\t<\/div>\n\t\t\t\t<\/div>\n\t\t\t\t<\/div>\n\t\t","protected":false},"excerpt":{"rendered":"<p>Les derni\u00e8res r\u00e9alisations de RCB2 Universit\u00e9 St Charles (Marseille) BATIMENT AIRBUS V05 SEMAPHORE &#8211; \u00cele de Porquerolles H\u00f4tel Carlton &#8211; Cannes Cr\u00e8che [&hellip;]<\/p>\n","protected":false},"author":1,"featured_media":0,"parent":0,"menu_order":0,"comment_status":"closed","ping_status":"closed","template":"","meta":{"footnotes":""},"class_list":["post-226","page","type-page","status-publish","hentry"],"_links":{"self":[{"href":"https:\/\/rcb-2.fr\/index.php\/wp-json\/wp\/v2\/pages\/226","targetHints":{"allow":["GET"]}}],"collection":[{"href":"https:\/\/rcb-2.fr\/index.php\/wp-json\/wp\/v2\/pages"}],"about":[{"href":"https:\/\/rcb-2.fr\/index.php\/wp-json\/wp\/v2\/types\/page"}],"author":[{"embeddable":true,"href":"https:\/\/rcb-2.fr\/index.php\/wp-json\/wp\/v2\/users\/1"}],"replies":[{"embeddable":true,"href":"https:\/\/rcb-2.fr\/index.php\/wp-json\/wp\/v2\/comments?post=226"}],"version-history":[{"count":110,"href":"https:\/\/rcb-2.fr\/index.php\/wp-json\/wp\/v2\/pages\/226\/revisions"}],"predecessor-version":[{"id":1261,"href":"https:\/\/rcb-2.fr\/index.php\/wp-json\/wp\/v2\/pages\/226\/revisions\/1261"}],"wp:attachment":[{"href":"https:\/\/rcb-2.fr\/index.php\/wp-json\/wp\/v2\/media?parent=226"}],"curies":[{"name":"wp","href":"https:\/\/api.w.org\/{rel}","templated":true}]}}